{"id":671,"date":"2017-05-11T15:37:43","date_gmt":"2017-05-11T13:37:43","guid":{"rendered":"http:\/\/aehz.fr\/?page_id=671"},"modified":"2019-12-07T17:37:50","modified_gmt":"2019-12-07T16:37:50","slug":"analyses-vibratoires","status":"publish","type":"page","link":"https:\/\/aehz.fr\/index.php\/analyses-vibratoires\/","title":{"rendered":"Analyses vibratoires"},"content":{"rendered":"<p>[et_pb_section bb_built=&#8221;1&#8243; admin_label=&#8221;section&#8221; transparent_background=&#8221;off&#8221; background_color=&#8221;#ffffff&#8221; allow_player_pause=&#8221;off&#8221; inner_shadow=&#8221;off&#8221; parallax=&#8221;off&#8221; parallax_method=&#8221;off&#8221; padding_mobile=&#8221;off&#8221; make_fullwidth=&#8221;off&#8221; use_custom_width=&#8221;off&#8221; width_unit=&#8221;on&#8221; make_equal=&#8221;off&#8221; use_custom_gutter=&#8221;off&#8221; custom_padding_tablet=&#8221;50px|0|50px|0&#8243; custom_padding_last_edited=&#8221;on|desktop&#8221; next_background_color=&#8221;#000000&#8243;][et_pb_row admin_label=&#8221;row&#8221; make_fullwidth=&#8221;on&#8221; use_custom_width=&#8221;off&#8221; width_unit=&#8221;on&#8221; use_custom_gutter=&#8221;off&#8221; custom_padding=&#8221;70px||70px|&#8221; padding_mobile=&#8221;off&#8221; allow_player_pause=&#8221;off&#8221; parallax=&#8221;off&#8221; parallax_method=&#8221;off&#8221; make_equal=&#8221;off&#8221; parallax_1=&#8221;off&#8221; parallax_method_1=&#8221;off&#8221; column_padding_mobile=&#8221;on&#8221; background_position=&#8221;top_left&#8221; background_repeat=&#8221;repeat&#8221; background_size=&#8221;initial&#8221;][et_pb_column type=&#8221;4_4&#8243;][et_pb_text admin_label=&#8221;TITRE Analyses vibratoires&#8221; background_layout=&#8221;light&#8221; text_orientation=&#8221;center&#8221; use_border_color=&#8221;off&#8221; border_color=&#8221;#ffffff&#8221; border_style=&#8221;solid&#8221; text_font_size=&#8221;27&#8243; text_text_color=&#8221;#e58c24&#8243; custom_padding=&#8221;|100px|60px|100px&#8221; background_position=&#8221;top_left&#8221; background_repeat=&#8221;repeat&#8221; background_size=&#8221;initial&#8221; module_alignment=&#8221;center&#8221;]<\/p>\n<p style=\"text-align: center;\"><strong>ANALYSES VIBRATOIRES<\/strong><\/p>\n<p>[\/et_pb_text][et_pb_text admin_label=&#8221;Analyses vibratoires&#8221; background_layout=&#8221;light&#8221; text_orientation=&#8221;center&#8221; use_border_color=&#8221;off&#8221; border_color=&#8221;#ffffff&#8221; border_style=&#8221;solid&#8221; text_font_size=&#8221;17&#8243; text_text_color=&#8221;#000000&#8243; custom_padding=&#8221;|100px||100px&#8221; text_line_height=&#8221;1.8em&#8221; background_position=&#8221;top_left&#8221; background_repeat=&#8221;repeat&#8221; background_size=&#8221;initial&#8221; module_alignment=&#8221;center&#8221;]<\/p>\n<p style=\"text-align: center;\">Toute cha\u00eene cin\u00e9matique comportant des mat\u00e9riels tournants se caract\u00e9rise par des <strong>signaux vibratoires<\/strong> repr\u00e9sentatifs de son \u00e9tat.<br \/>\nL\u2019analyse vibratoire r\u00e9guli\u00e8re, mesur\u00e9e en des points r\u00e9p\u00e9tables \u00ab marqu\u00e9s \u00bb, permet de suivre <strong>l\u2019\u00e9volution de l\u2019usure du mat\u00e9riel, de d\u00e9tecter et d\u2019anticiper ainsi la d\u00e9gradation anormale d\u2019un organe<\/strong> en \u00e9vitant un arr\u00eat non planifi\u00e9, toujours plus long et co\u00fbteux qu\u2019un arr\u00eat g\u00e9r\u00e9.<\/p>\n<p style=\"text-align: center;\">Prenons l\u2019exemple d\u2019un <strong>ventilateur<\/strong>. Le signal capt\u00e9 au niveau du roulement de palier nous indique un d\u00e9placement radial anormalement \u00e9lev\u00e9 de pr\u00e8s de 22 mm\/s. Apr\u00e8s correction par ajout de poids d\u2019\u00e9quilibrage, le d\u00e9placement radial est inf\u00e9rieur \u00e0 1,2 mm\/s, tout \u00e0 fait acceptable.<\/p>\n<p>[\/et_pb_text][\/et_pb_column][\/et_pb_row][et_pb_row admin_label=&#8221;row&#8221; make_fullwidth=&#8221;on&#8221; use_custom_width=&#8221;off&#8221; width_unit=&#8221;on&#8221; use_custom_gutter=&#8221;off&#8221; custom_padding=&#8221;30px||70px|&#8221; padding_mobile=&#8221;off&#8221; allow_player_pause=&#8221;off&#8221; parallax=&#8221;off&#8221; parallax_method=&#8221;off&#8221; make_equal=&#8221;off&#8221; parallax_1=&#8221;off&#8221; parallax_method_1=&#8221;off&#8221; column_padding_mobile=&#8221;on&#8221; parallax_2=&#8221;off&#8221; parallax_method_2=&#8221;off&#8221; background_position=&#8221;top_left&#8221; background_repeat=&#8221;repeat&#8221; background_size=&#8221;initial&#8221;][et_pb_column type=&#8221;1_2&#8243;][et_pb_image src=&#8221;http:\/\/aehz.fr\/wp-content\/uploads\/2017\/05\/vibration_avant.jpg&#8221; show_in_lightbox=&#8221;off&#8221; url_new_window=&#8221;off&#8221; use_overlay=&#8221;off&#8221; animation=&#8221;fade_in&#8221; sticky=&#8221;off&#8221; align=&#8221;right&#8221; force_fullwidth=&#8221;off&#8221; always_center_on_mobile=&#8221;on&#8221; use_border_color=&#8221;off&#8221; border_color=&#8221;#ffffff&#8221; border_style=&#8221;solid&#8221; animation_style=&#8221;fade&#8221; animation_duration=&#8221;500ms&#8221; animation_intensity_slide=&#8221;10%&#8221; animation_direction=&#8221;center&#8221; show_bottom_space=&#8221;on&#8221;]<\/p>\n<p><\/p>\n<p>[\/et_pb_image][\/et_pb_column][et_pb_column type=&#8221;1_2&#8243;][et_pb_image src=&#8221;http:\/\/aehz.fr\/wp-content\/uploads\/2017\/05\/vibration_apres.jpg&#8221; show_in_lightbox=&#8221;off&#8221; url_new_window=&#8221;off&#8221; use_overlay=&#8221;off&#8221; animation=&#8221;fade_in&#8221; sticky=&#8221;off&#8221; align=&#8221;left&#8221; force_fullwidth=&#8221;off&#8221; always_center_on_mobile=&#8221;on&#8221; use_border_color=&#8221;off&#8221; border_color=&#8221;#ffffff&#8221; border_style=&#8221;solid&#8221; animation_style=&#8221;fade&#8221; animation_duration=&#8221;500ms&#8221; animation_intensity_slide=&#8221;10%&#8221; animation_direction=&#8221;center&#8221; show_bottom_space=&#8221;on&#8221;]<\/p>\n<p><\/p>\n<p>[\/et_pb_image][\/et_pb_column][\/et_pb_row][et_pb_row admin_label=&#8221;row&#8221; make_fullwidth=&#8221;on&#8221; use_custom_width=&#8221;off&#8221; width_unit=&#8221;on&#8221; use_custom_gutter=&#8221;off&#8221; custom_padding=&#8221;70px||70px|&#8221; padding_mobile=&#8221;off&#8221; allow_player_pause=&#8221;off&#8221; parallax=&#8221;off&#8221; parallax_method=&#8221;off&#8221; make_equal=&#8221;off&#8221; parallax_1=&#8221;off&#8221; parallax_method_1=&#8221;off&#8221; column_padding_mobile=&#8221;on&#8221; background_color=&#8221;rgba(122,157,62,0.49)&#8221; background_position=&#8221;top_left&#8221; background_repeat=&#8221;repeat&#8221; background_size=&#8221;initial&#8221;][et_pb_column type=&#8221;4_4&#8243;][et_pb_text admin_label=&#8221;Texte m\u00e9thodes utilis\u00e9es&#8221; background_layout=&#8221;light&#8221; text_orientation=&#8221;center&#8221; use_border_color=&#8221;off&#8221; border_color=&#8221;#ffffff&#8221; border_style=&#8221;solid&#8221; text_font_size=&#8221;17&#8243; text_text_color=&#8221;#000000&#8243; custom_padding=&#8221;|100px||100px&#8221; text_line_height=&#8221;1.8em&#8221; background_position=&#8221;top_left&#8221; background_repeat=&#8221;repeat&#8221; background_size=&#8221;initial&#8221; module_alignment=&#8221;center&#8221;]<\/p>\n<p style=\"text-align: center;\">Plusieurs m\u00e9thodes sont utilis\u00e9es :<\/p>\n<h5 style=\"text-align: center;\"><strong>M\u00e9thode par onde de choc<\/strong><\/h5>\n<p style=\"text-align: center;\">La <strong>mesure par onde de choc<\/strong> sur un roulement traduit l&#8217;\u00e9tat m\u00e9canique de celui-ci. Une usure anormale des billes, rouleaux ou de la cage peut ainsi \u00eatre d\u00e9tect\u00e9e bien avant sa destruction.<\/p>\n<h5 style=\"text-align: center;\"><strong>Mesure de s\u00e9v\u00e9rit\u00e9 vibratoire<\/strong><\/h5>\n<p style=\"text-align: center;\">L&#8217;\u00e9ventuel <strong>d\u00e9s\u00e9quilibrage d&#8217;une cha\u00eene cin\u00e9matique<\/strong> de transmission d&#8217;un couple ou d&#8217;une vitesse.<\/p>\n<h5 style=\"text-align: center;\"><strong>Analyse spectrale de vibration<\/strong><\/h5>\n<p style=\"text-align: center;\">L&#8217;<strong>analyse spectrale de vibration<\/strong> identifie les d\u00e9fauts unitaires d&#8217;une s\u00e9rie d&#8217;engrenages. La connaissance technique exacte des composants permet de comparer le signal re\u00e7u par rapport au signal attendu (fr\u00e9quence, amplitude) et de d\u00e9tecter ainsi toute sympt\u00f4me de d\u00e9gradation.<\/p>\n<p>[\/et_pb_text][\/et_pb_column][\/et_pb_row][\/et_pb_section][et_pb_section bb_built=&#8221;1&#8243; admin_label=&#8221;section&#8221; transparent_background=&#8221;off&#8221; background_color=&#8221;#ffffff&#8221; allow_player_pause=&#8221;off&#8221; inner_shadow=&#8221;off&#8221; parallax=&#8221;off&#8221; parallax_method=&#8221;off&#8221; padding_mobile=&#8221;off&#8221; make_fullwidth=&#8221;off&#8221; use_custom_width=&#8221;off&#8221; width_unit=&#8221;on&#8221; make_equal=&#8221;off&#8221; use_custom_gutter=&#8221;off&#8221; custom_padding_tablet=&#8221;50px|0|50px|0&#8243; custom_padding_last_edited=&#8221;on|desktop&#8221; prev_background_color=&#8221;#000000&#8243; next_background_color=&#8221;#000000&#8243;][et_pb_row admin_label=&#8221;row&#8221; make_fullwidth=&#8221;on&#8221; use_custom_width=&#8221;off&#8221; width_unit=&#8221;on&#8221; use_custom_gutter=&#8221;off&#8221; custom_padding=&#8221;70px||70px|&#8221; padding_mobile=&#8221;off&#8221; allow_player_pause=&#8221;off&#8221; parallax=&#8221;off&#8221; parallax_method=&#8221;off&#8221; make_equal=&#8221;off&#8221; parallax_1=&#8221;off&#8221; parallax_method_1=&#8221;off&#8221; column_padding_mobile=&#8221;on&#8221; background_position=&#8221;top_left&#8221; background_repeat=&#8221;repeat&#8221; background_size=&#8221;initial&#8221;][et_pb_column type=&#8221;4_4&#8243;][et_pb_text admin_label=&#8221;Applications vari\u00e9es&#8221; background_layout=&#8221;light&#8221; text_orientation=&#8221;center&#8221; use_border_color=&#8221;off&#8221; border_color=&#8221;#ffffff&#8221; border_style=&#8221;solid&#8221; text_font_size=&#8221;17&#8243; text_text_color=&#8221;#000000&#8243; custom_padding=&#8221;|100px||100px&#8221; text_line_height=&#8221;1.8em&#8221; background_position=&#8221;top_left&#8221; background_repeat=&#8221;repeat&#8221; background_size=&#8221;initial&#8221; module_alignment=&#8221;center&#8221;]<\/p>\n<p style=\"text-align: center;\">Les applications sont extr\u00eamement vari\u00e9es :<\/p>\n<p style=\"text-align: center;\"><strong>\u2022 Test de r\u00e9sonance<\/strong><br \/>\n<strong>\u2022 V\u00e9rification de l\u2019\u00e9tat m\u00e9canique d\u2019un ch\u00e2ssis<\/strong><br \/>\n<strong>\u2022 V\u00e9rification de l\u2019alignement d\u2019une transmission<\/strong><br \/>\n<strong>\u2022 V\u00e9rification de l\u2019\u00e9tat m\u00e9canique d\u2019une transmission<\/strong><br \/>\n<strong>\u2022 V\u00e9rification de l&#8217;\u00e9tat m\u00e9canique d&#8217;un roulement<br \/>\n<\/strong><strong>\u2022 V\u00e9rification de la qualit\u00e9 de lubrification d\u2019un roulement<\/strong><br \/>\n<strong>\u2022 Equilibrage d\u2019un ventilateur<\/strong><br \/>\n<strong>\u2022 <strong id=\"yui_3_16_0_ym19_1_1501240214065_3986\"><span id=\"yui_3_16_0_ym19_1_1501240214065_3985\">V\u00e9rification de l\u2019\u00e9tat m\u00e9canique des engrenages d\u2019un r\u00e9ducteur<\/span><\/strong><\/strong><br \/>\n<strong>\u2022 V\u00e9rification de la qualit\u00e9 d&#8217;une intervention m\u00e9canique<\/strong><\/p>\n<p>[\/et_pb_text][\/et_pb_column][\/et_pb_row][et_pb_row admin_label=&#8221;row&#8221; make_fullwidth=&#8221;on&#8221; use_custom_width=&#8221;off&#8221; width_unit=&#8221;on&#8221; use_custom_gutter=&#8221;off&#8221; custom_padding=&#8221;0px||70px|&#8221; padding_mobile=&#8221;off&#8221; allow_player_pause=&#8221;off&#8221; parallax=&#8221;off&#8221; parallax_method=&#8221;off&#8221; make_equal=&#8221;off&#8221; parallax_1=&#8221;off&#8221; parallax_method_1=&#8221;off&#8221; column_padding_mobile=&#8221;on&#8221; parallax_2=&#8221;off&#8221; parallax_method_2=&#8221;off&#8221; background_position=&#8221;top_left&#8221; background_repeat=&#8221;repeat&#8221; background_size=&#8221;initial&#8221;][et_pb_column type=&#8221;4_4&#8243;][et_pb_image admin_label=&#8221;Valise Analyses vibratoires&#8221; src=&#8221;http:\/\/aehz.fr\/wp-content\/uploads\/2017\/05\/leonova.jpg&#8221; show_in_lightbox=&#8221;off&#8221; url_new_window=&#8221;off&#8221; use_overlay=&#8221;off&#8221; animation=&#8221;fade_in&#8221; sticky=&#8221;off&#8221; align=&#8221;center&#8221; force_fullwidth=&#8221;off&#8221; always_center_on_mobile=&#8221;on&#8221; use_border_color=&#8221;off&#8221; border_color=&#8221;#ffffff&#8221; border_style=&#8221;solid&#8221; animation_style=&#8221;fade&#8221; animation_duration=&#8221;500ms&#8221; animation_intensity_slide=&#8221;10%&#8221; animation_direction=&#8221;center&#8221; show_bottom_space=&#8221;on&#8221;]<\/p>\n<p><\/p>\n<p>[\/et_pb_image][\/et_pb_column][\/et_pb_row][et_pb_row admin_label=&#8221;row&#8221; make_fullwidth=&#8221;on&#8221; use_custom_width=&#8221;off&#8221; width_unit=&#8221;on&#8221; use_custom_gutter=&#8221;off&#8221; custom_padding=&#8221;70px||70px|&#8221; padding_mobile=&#8221;off&#8221; allow_player_pause=&#8221;off&#8221; parallax=&#8221;off&#8221; parallax_method=&#8221;off&#8221; make_equal=&#8221;off&#8221; parallax_1=&#8221;off&#8221; parallax_method_1=&#8221;off&#8221; column_padding_mobile=&#8221;on&#8221; background_color=&#8221;#494949&#8243; background_position=&#8221;top_left&#8221; background_repeat=&#8221;repeat&#8221; background_size=&#8221;initial&#8221;][et_pb_column type=&#8221;4_4&#8243;][et_pb_text admin_label=&#8221;Lien utile&#8221; background_layout=&#8221;light&#8221; text_orientation=&#8221;center&#8221; use_border_color=&#8221;off&#8221; border_color=&#8221;#ffffff&#8221; border_style=&#8221;solid&#8221; text_font_size=&#8221;17&#8243; text_text_color=&#8221;#e58c24&#8243; custom_padding=&#8221;|100px||100px&#8221; background_position=&#8221;top_left&#8221; background_repeat=&#8221;repeat&#8221; background_size=&#8221;initial&#8221; module_alignment=&#8221;center&#8221;]<\/p>\n<h5 style=\"text-align: center;\">Lien utile&nbsp;<img loading=\"lazy\" class=\"alignnone size-full wp-image-713\" src=\"http:\/\/aehz.fr\/wp-content\/uploads\/2017\/05\/Ronds_logo.png\" alt=\"Ronds_logo\" width=\"54\" height=\"87\"><\/h5>\n<p style=\"text-align: center;\">\u2022 <strong>Site du constructeur SPM :<\/strong><br \/>\n<strong><a href=\"http:\/\/www.spminstrument.com\">http:\/\/www.spminstrument.com<\/a><\/strong><\/p>\n<p>[\/et_pb_text][\/et_pb_column][\/et_pb_row][\/et_pb_section][et_pb_section bb_built=&#8221;1&#8243; specialty=&#8221;off&#8221; _builder_version=&#8221;3.21&#8243; background_color=&#8221;#ffffff&#8221; custom_margin=&#8221;25px|0px|25px|0px&#8221; prev_background_color=&#8221;#000000&#8243;][et_pb_row _builder_version=&#8221;3.21&#8243;][et_pb_column type=&#8221;4_4&#8243;][et_pb_text _builder_version=&#8221;3.21&#8243; text_font_size=&#8221;17&#8243;]<\/p>\n<p><img loading=\"lazy\" class=\" wp-image-674 aligncenter\" src=\"http:\/\/aehz.fr\/wp-content\/uploads\/2017\/05\/Logo.jpg\" alt=\"\" width=\"100\" height=\"91\" \/><\/p>\n<p style=\"text-align: center;\">Copyright \u00a9 2018 I <strong><a href=\"http:\/\/aehz.fr\/index.php\/mentions-legales\/\">Mentions l\u00e9gales<\/a><\/strong><\/p>\n<p>[\/et_pb_text][\/et_pb_column][\/et_pb_row][\/et_pb_section]<\/p>\n","protected":false},"excerpt":{"rendered":"<p>[et_pb_section bb_built=&#8221;1&#8243; admin_label=&#8221;section&#8221; transparent_background=&#8221;off&#8221; background_color=&#8221;#ffffff&#8221; allow_player_pause=&#8221;off&#8221; inner_shadow=&#8221;off&#8221; parallax=&#8221;off&#8221; parallax_method=&#8221;off&#8221; padding_mobile=&#8221;off&#8221; make_fullwidth=&#8221;off&#8221; use_custom_width=&#8221;off&#8221; width_unit=&#8221;on&#8221; make_equal=&#8221;off&#8221; use_custom_gutter=&#8221;off&#8221; custom_padding_tablet=&#8221;50px|0|50px|0&#8243; custom_padding_last_edited=&#8221;on|desktop&#8221; next_background_color=&#8221;#000000&#8243;][et_pb_row admin_label=&#8221;row&#8221; make_fullwidth=&#8221;on&#8221; use_custom_width=&#8221;off&#8221; width_unit=&#8221;on&#8221; use_custom_gutter=&#8221;off&#8221; custom_padding=&#8221;70px||70px|&#8221; padding_mobile=&#8221;off&#8221; allow_player_pause=&#8221;off&#8221; parallax=&#8221;off&#8221; parallax_method=&#8221;off&#8221; make_equal=&#8221;off&#8221; parallax_1=&#8221;off&#8221; parallax_method_1=&#8221;off&#8221; column_padding_mobile=&#8221;on&#8221; background_position=&#8221;top_left&#8221; background_repeat=&#8221;repeat&#8221; background_size=&#8221;initial&#8221;][et_pb_column type=&#8221;4_4&#8243;][et_pb_text admin_label=&#8221;TITRE Analyses vibratoires&#8221; background_layout=&#8221;light&#8221; text_orientation=&#8221;center&#8221; use_border_color=&#8221;off&#8221; border_color=&#8221;#ffffff&#8221; border_style=&#8221;solid&#8221; text_font_size=&#8221;27&#8243; text_text_color=&#8221;#e58c24&#8243; custom_padding=&#8221;|100px|60px|100px&#8221; background_position=&#8221;top_left&#8221; background_repeat=&#8221;repeat&#8221; background_size=&#8221;initial&#8221; module_alignment=&#8221;center&#8221;] ANALYSES VIBRATOIRES [\/et_pb_text][et_pb_text admin_label=&#8221;Analyses [&hellip;]<\/p>\n","protected":false},"author":2,"featured_media":0,"parent":0,"menu_order":0,"comment_status":"closed","ping_status":"closed","template":"","meta":{"_et_pb_use_builder":"on","_et_pb_old_content":""},"_links":{"self":[{"href":"https:\/\/aehz.fr\/index.php\/wp-json\/wp\/v2\/pages\/671"}],"collection":[{"href":"https:\/\/aehz.fr\/index.php\/wp-json\/wp\/v2\/pages"}],"about":[{"href":"https:\/\/aehz.fr\/index.php\/wp-json\/wp\/v2\/types\/page"}],"author":[{"embeddable":true,"href":"https:\/\/aehz.fr\/index.php\/wp-json\/wp\/v2\/users\/2"}],"replies":[{"embeddable":true,"href":"https:\/\/aehz.fr\/index.php\/wp-json\/wp\/v2\/comments?post=671"}],"version-history":[{"count":13,"href":"https:\/\/aehz.fr\/index.php\/wp-json\/wp\/v2\/pages\/671\/revisions"}],"predecessor-version":[{"id":981,"href":"https:\/\/aehz.fr\/index.php\/wp-json\/wp\/v2\/pages\/671\/revisions\/981"}],"wp:attachment":[{"href":"https:\/\/aehz.fr\/index.php\/wp-json\/wp\/v2\/media?parent=671"}],"curies":[{"name":"wp","href":"https:\/\/api.w.org\/{rel}","templated":true}]}}