{"id":781,"date":"2017-05-22T11:10:10","date_gmt":"2017-05-22T09:10:10","guid":{"rendered":"http:\/\/aehz.fr\/?page_id=781"},"modified":"2019-12-07T17:51:08","modified_gmt":"2019-12-07T16:51:08","slug":"thermographie","status":"publish","type":"page","link":"https:\/\/aehz.fr\/index.php\/thermographie\/","title":{"rendered":"Thermographie"},"content":{"rendered":"<p>[et_pb_section bb_built=&#8221;1&#8243; admin_label=&#8221;section&#8221; transparent_background=&#8221;off&#8221; background_color=&#8221;#ffffff&#8221; allow_player_pause=&#8221;off&#8221; inner_shadow=&#8221;off&#8221; parallax=&#8221;off&#8221; parallax_method=&#8221;off&#8221; padding_mobile=&#8221;off&#8221; make_fullwidth=&#8221;off&#8221; use_custom_width=&#8221;off&#8221; width_unit=&#8221;on&#8221; make_equal=&#8221;off&#8221; use_custom_gutter=&#8221;off&#8221; custom_padding_tablet=&#8221;50px|0|50px|0&#8243; custom_padding_last_edited=&#8221;on|desktop&#8221; next_background_color=&#8221;#000000&#8243;][et_pb_row admin_label=&#8221;row&#8221; make_fullwidth=&#8221;on&#8221; use_custom_width=&#8221;off&#8221; width_unit=&#8221;on&#8221; use_custom_gutter=&#8221;off&#8221; custom_padding=&#8221;70px||70px|&#8221; padding_mobile=&#8221;off&#8221; allow_player_pause=&#8221;off&#8221; parallax=&#8221;off&#8221; parallax_method=&#8221;off&#8221; make_equal=&#8221;off&#8221; parallax_1=&#8221;off&#8221; parallax_method_1=&#8221;off&#8221; column_padding_mobile=&#8221;on&#8221; background_position=&#8221;top_left&#8221; background_repeat=&#8221;repeat&#8221; background_size=&#8221;initial&#8221;][et_pb_column type=&#8221;4_4&#8243;][et_pb_text admin_label=&#8221;TITRE Thermographie&#8221; background_layout=&#8221;light&#8221; text_orientation=&#8221;center&#8221; use_border_color=&#8221;off&#8221; border_color=&#8221;#ffffff&#8221; border_style=&#8221;solid&#8221; text_font_size=&#8221;27&#8243; text_text_color=&#8221;#e58c24&#8243; custom_padding=&#8221;|100px|60px|100px&#8221; background_position=&#8221;top_left&#8221; background_repeat=&#8221;repeat&#8221; background_size=&#8221;initial&#8221; module_alignment=&#8221;center&#8221;]<\/p>\n<p style=\"text-align: center;\"><strong>THERMOGRAPHIE<\/strong><\/p>\n<p>[\/et_pb_text][et_pb_text admin_label=&#8221;Thermographie&#8221; background_layout=&#8221;light&#8221; text_orientation=&#8221;center&#8221; use_border_color=&#8221;off&#8221; border_color=&#8221;#ffffff&#8221; border_style=&#8221;solid&#8221; text_font_size=&#8221;17&#8243; text_text_color=&#8221;#000000&#8243; custom_padding=&#8221;|100px||100px&#8221; text_line_height=&#8221;1.8em&#8221; background_position=&#8221;top_left&#8221; background_repeat=&#8221;repeat&#8221; background_size=&#8221;initial&#8221; module_alignment=&#8221;center&#8221;]<\/p>\n<p style=\"text-align: center;\"><strong>La thermographie est une technique de mesure de temp\u00e9rature, qui met en \u0153uvre une cam\u00e9ra thermique.<\/strong> Cette cam\u00e9ra thermique mesure, \u00e0 distance, l&#8217;\u00e9nergie \u00e9lectromagn\u00e9tique \u00e9mise dans les longueurs d&#8217;ondes situ\u00e9es dans le domaine des rayonnements infrarouge. <strong>L&#8217;image ainsi obtenue<\/strong>, appel\u00e9e <strong>thermogramme<\/strong>, est exploit\u00e9e sous le contr\u00f4le d\u2019un op\u00e9rateur en thermographie qui appr\u00e9cie et ma\u00eetrise la situation de mesure.<\/p>\n<p style=\"text-align: center;\">L\u2019int\u00e9r\u00eat du contr\u00f4le par thermographie infrarouge est de <strong>r\u00e9duire les risques d\u2019incendie, de r\u00e9duire les arr\u00eats de production non planifi\u00e9s, d\u2019organiser efficacement la maintenance pr\u00e9ventive des installations et de contr\u00f4ler la qualit\u00e9 des interventions de maintenance ainsi qu\u2019optimiser la productivit\u00e9 de l\u2019entreprise.<\/strong> De plus, il s\u2019agit d\u2019un contr\u00f4le non destructif donc effectu\u00e9 sans arr\u00eat des installations.<br \/>\nL\u2019anomalie \u00e9lectrique est la principale cause de d\u00e9part de feu (25% source CNPP, Centre National de la Pr\u00e9vention et de la Protection).<br \/>\nUn contr\u00f4le par thermographie infrarouge donne lieu \u00e0 la d\u00e9livrance d\u2019un rapport complet.<\/p>\n<p style=\"text-align: center;\">Le contr\u00f4le par thermographie des installations \u00e9lectriques est r\u00e9alis\u00e9 par une <strong>cam\u00e9ra FLIR E40<\/strong>.<\/p>\n<p>[\/et_pb_text][\/et_pb_column][\/et_pb_row][et_pb_row admin_label=&#8221;row&#8221; make_fullwidth=&#8221;on&#8221; use_custom_width=&#8221;off&#8221; width_unit=&#8221;on&#8221; use_custom_gutter=&#8221;off&#8221; custom_padding=&#8221;30px||70px|&#8221; padding_mobile=&#8221;off&#8221; allow_player_pause=&#8221;off&#8221; parallax=&#8221;off&#8221; parallax_method=&#8221;off&#8221; make_equal=&#8221;off&#8221; parallax_1=&#8221;off&#8221; parallax_method_1=&#8221;off&#8221; column_padding_mobile=&#8221;on&#8221; parallax_2=&#8221;off&#8221; parallax_method_2=&#8221;off&#8221; background_position=&#8221;top_left&#8221; background_repeat=&#8221;repeat&#8221; background_size=&#8221;initial&#8221;][et_pb_column type=&#8221;1_2&#8243;][et_pb_image src=&#8221;http:\/\/aehz.fr\/wp-content\/uploads\/2017\/05\/Camera.png&#8221; show_in_lightbox=&#8221;off&#8221; url_new_window=&#8221;off&#8221; use_overlay=&#8221;off&#8221; animation=&#8221;fade_in&#8221; sticky=&#8221;off&#8221; align=&#8221;right&#8221; force_fullwidth=&#8221;off&#8221; always_center_on_mobile=&#8221;on&#8221; use_border_color=&#8221;off&#8221; border_color=&#8221;#ffffff&#8221; border_style=&#8221;solid&#8221; animation_style=&#8221;fade&#8221; animation_duration=&#8221;500ms&#8221; animation_intensity_slide=&#8221;10%&#8221; animation_direction=&#8221;center&#8221; show_bottom_space=&#8221;on&#8221;]<\/p>\n<p><\/p>\n<p>[\/et_pb_image][\/et_pb_column][et_pb_column type=&#8221;1_2&#8243;][et_pb_image src=&#8221;http:\/\/aehz.fr\/wp-content\/uploads\/2017\/05\/Image_Thermographie.jpg&#8221; show_in_lightbox=&#8221;off&#8221; url_new_window=&#8221;off&#8221; use_overlay=&#8221;off&#8221; animation=&#8221;fade_in&#8221; sticky=&#8221;off&#8221; align=&#8221;left&#8221; force_fullwidth=&#8221;off&#8221; always_center_on_mobile=&#8221;on&#8221; use_border_color=&#8221;off&#8221; border_color=&#8221;#ffffff&#8221; border_style=&#8221;solid&#8221; animation_style=&#8221;fade&#8221; animation_duration=&#8221;500ms&#8221; animation_intensity_slide=&#8221;10%&#8221; animation_direction=&#8221;center&#8221; show_bottom_space=&#8221;on&#8221;]<\/p>\n<p><\/p>\n<p>[\/et_pb_image][\/et_pb_column][\/et_pb_row][\/et_pb_section][et_pb_section bb_built=&#8221;1&#8243; admin_label=&#8221;section&#8221; transparent_background=&#8221;off&#8221; background_color=&#8221;#ffffff&#8221; allow_player_pause=&#8221;off&#8221; inner_shadow=&#8221;off&#8221; parallax=&#8221;off&#8221; parallax_method=&#8221;off&#8221; padding_mobile=&#8221;off&#8221; make_fullwidth=&#8221;off&#8221; use_custom_width=&#8221;off&#8221; width_unit=&#8221;on&#8221; make_equal=&#8221;off&#8221; use_custom_gutter=&#8221;off&#8221; custom_padding_tablet=&#8221;50px|0|50px|0&#8243; custom_padding_last_edited=&#8221;on|desktop&#8221; prev_background_color=&#8221;#000000&#8243; next_background_color=&#8221;#000000&#8243;][et_pb_row admin_label=&#8221;row&#8221; make_fullwidth=&#8221;on&#8221; use_custom_width=&#8221;off&#8221; width_unit=&#8221;on&#8221; use_custom_gutter=&#8221;off&#8221; custom_padding=&#8221;70px||70px|&#8221; padding_mobile=&#8221;off&#8221; allow_player_pause=&#8221;off&#8221; parallax=&#8221;off&#8221; parallax_method=&#8221;off&#8221; make_equal=&#8221;off&#8221; parallax_1=&#8221;off&#8221; parallax_method_1=&#8221;off&#8221; column_padding_mobile=&#8221;on&#8221; background_color=&#8221;#494949&#8243; background_position=&#8221;top_left&#8221; background_repeat=&#8221;repeat&#8221; background_size=&#8221;initial&#8221;][et_pb_column type=&#8221;4_4&#8243;][et_pb_text admin_label=&#8221;Lien utile&#8221; background_layout=&#8221;light&#8221; text_orientation=&#8221;center&#8221; use_border_color=&#8221;off&#8221; border_color=&#8221;#ffffff&#8221; border_style=&#8221;solid&#8221; text_font_size=&#8221;17&#8243; text_text_color=&#8221;#e58c24&#8243; custom_padding=&#8221;|100px||100px&#8221; background_position=&#8221;top_left&#8221; background_repeat=&#8221;repeat&#8221; background_size=&#8221;initial&#8221; module_alignment=&#8221;center&#8221;]<\/p>\n<h5 style=\"text-align: center;\">Lien utile\u00a0<img loading=\"lazy\" class=\"alignnone size-full wp-image-713\" src=\"http:\/\/aehz.fr\/wp-content\/uploads\/2017\/05\/Ronds_logo.png\" alt=\"Ronds_logo\" width=\"54\" height=\"87\" \/><\/h5>\n<p style=\"text-align: center;\">\u2022 <strong>Pr\u00e9sentation g\u00e9n\u00e9rale du produit :<\/strong><strong><a href=\"http:\/\/www.flir.com\/cs\/emea\/fr\/view\/?id=61457\"><br \/>\nhttp:\/\/www.flir.com\/cs\/emea\/fr\/view\/?id=61457<br \/>\n<\/a><\/strong><\/p>\n<p>[\/et_pb_text][\/et_pb_column][\/et_pb_row][\/et_pb_section][et_pb_section bb_built=&#8221;1&#8243; specialty=&#8221;off&#8221; _builder_version=&#8221;3.21&#8243; background_color=&#8221;#ffffff&#8221; custom_margin=&#8221;25px|0px|25px|0px&#8221; prev_background_color=&#8221;#000000&#8243;][et_pb_row _builder_version=&#8221;3.21&#8243;][et_pb_column type=&#8221;4_4&#8243;][et_pb_text _builder_version=&#8221;3.21&#8243; text_font_size=&#8221;17&#8243;]<\/p>\n<p><img loading=\"lazy\" class=\" wp-image-674 aligncenter\" src=\"http:\/\/aehz.fr\/wp-content\/uploads\/2017\/05\/Logo.jpg\" alt=\"\" width=\"100\" height=\"91\" \/><\/p>\n<p style=\"text-align: center;\">Copyright \u00a9 2018 I <strong><a href=\"http:\/\/aehz.fr\/index.php\/mentions-legales\/\">Mentions l\u00e9gales<\/a><\/strong><\/p>\n<p>[\/et_pb_text][\/et_pb_column][\/et_pb_row][\/et_pb_section]<\/p>\n","protected":false},"excerpt":{"rendered":"<p>[et_pb_section bb_built=&#8221;1&#8243; admin_label=&#8221;section&#8221; transparent_background=&#8221;off&#8221; background_color=&#8221;#ffffff&#8221; allow_player_pause=&#8221;off&#8221; inner_shadow=&#8221;off&#8221; parallax=&#8221;off&#8221; parallax_method=&#8221;off&#8221; padding_mobile=&#8221;off&#8221; make_fullwidth=&#8221;off&#8221; use_custom_width=&#8221;off&#8221; width_unit=&#8221;on&#8221; make_equal=&#8221;off&#8221; use_custom_gutter=&#8221;off&#8221; custom_padding_tablet=&#8221;50px|0|50px|0&#8243; custom_padding_last_edited=&#8221;on|desktop&#8221; next_background_color=&#8221;#000000&#8243;][et_pb_row admin_label=&#8221;row&#8221; make_fullwidth=&#8221;on&#8221; use_custom_width=&#8221;off&#8221; width_unit=&#8221;on&#8221; use_custom_gutter=&#8221;off&#8221; custom_padding=&#8221;70px||70px|&#8221; padding_mobile=&#8221;off&#8221; allow_player_pause=&#8221;off&#8221; parallax=&#8221;off&#8221; parallax_method=&#8221;off&#8221; make_equal=&#8221;off&#8221; parallax_1=&#8221;off&#8221; parallax_method_1=&#8221;off&#8221; column_padding_mobile=&#8221;on&#8221; background_position=&#8221;top_left&#8221; background_repeat=&#8221;repeat&#8221; background_size=&#8221;initial&#8221;][et_pb_column type=&#8221;4_4&#8243;][et_pb_text admin_label=&#8221;TITRE Thermographie&#8221; background_layout=&#8221;light&#8221; text_orientation=&#8221;center&#8221; use_border_color=&#8221;off&#8221; border_color=&#8221;#ffffff&#8221; border_style=&#8221;solid&#8221; text_font_size=&#8221;27&#8243; text_text_color=&#8221;#e58c24&#8243; custom_padding=&#8221;|100px|60px|100px&#8221; background_position=&#8221;top_left&#8221; background_repeat=&#8221;repeat&#8221; background_size=&#8221;initial&#8221; module_alignment=&#8221;center&#8221;] THERMOGRAPHIE [\/et_pb_text][et_pb_text admin_label=&#8221;Thermographie&#8221; background_layout=&#8221;light&#8221; text_orientation=&#8221;center&#8221; [&hellip;]<\/p>\n","protected":false},"author":2,"featured_media":0,"parent":0,"menu_order":0,"comment_status":"closed","ping_status":"closed","template":"","meta":{"_et_pb_use_builder":"on","_et_pb_old_content":""},"_links":{"self":[{"href":"https:\/\/aehz.fr\/index.php\/wp-json\/wp\/v2\/pages\/781"}],"collection":[{"href":"https:\/\/aehz.fr\/index.php\/wp-json\/wp\/v2\/pages"}],"about":[{"href":"https:\/\/aehz.fr\/index.php\/wp-json\/wp\/v2\/types\/page"}],"author":[{"embeddable":true,"href":"https:\/\/aehz.fr\/index.php\/wp-json\/wp\/v2\/users\/2"}],"replies":[{"embeddable":true,"href":"https:\/\/aehz.fr\/index.php\/wp-json\/wp\/v2\/comments?post=781"}],"version-history":[{"count":5,"href":"https:\/\/aehz.fr\/index.php\/wp-json\/wp\/v2\/pages\/781\/revisions"}],"predecessor-version":[{"id":998,"href":"https:\/\/aehz.fr\/index.php\/wp-json\/wp\/v2\/pages\/781\/revisions\/998"}],"wp:attachment":[{"href":"https:\/\/aehz.fr\/index.php\/wp-json\/wp\/v2\/media?parent=781"}],"curies":[{"name":"wp","href":"https:\/\/api.w.org\/{rel}","templated":true}]}}