{"id":798,"date":"2017-06-07T20:37:56","date_gmt":"2017-06-07T18:37:56","guid":{"rendered":"http:\/\/aehz.fr\/?page_id=798"},"modified":"2019-12-07T17:38:57","modified_gmt":"2019-12-07T16:38:57","slug":"controle-non-destructif-par-ultrasons","status":"publish","type":"page","link":"https:\/\/aehz.fr\/index.php\/controle-non-destructif-par-ultrasons\/","title":{"rendered":"Contr\u00f4le non destructif par ultrasons"},"content":{"rendered":"<p>[et_pb_section bb_built=&#8221;1&#8243; admin_label=&#8221;section&#8221; transparent_background=&#8221;off&#8221; background_color=&#8221;#ffffff&#8221; allow_player_pause=&#8221;off&#8221; inner_shadow=&#8221;off&#8221; parallax=&#8221;off&#8221; parallax_method=&#8221;off&#8221; padding_mobile=&#8221;off&#8221; make_fullwidth=&#8221;off&#8221; use_custom_width=&#8221;off&#8221; width_unit=&#8221;on&#8221; make_equal=&#8221;off&#8221; use_custom_gutter=&#8221;off&#8221; custom_padding_tablet=&#8221;50px|0|50px|0&#8243; custom_padding_last_edited=&#8221;on|desktop&#8221; next_background_color=&#8221;#000000&#8243;][et_pb_row admin_label=&#8221;row&#8221; make_fullwidth=&#8221;on&#8221; use_custom_width=&#8221;off&#8221; width_unit=&#8221;on&#8221; use_custom_gutter=&#8221;off&#8221; custom_padding=&#8221;70px||70px|&#8221; padding_mobile=&#8221;off&#8221; allow_player_pause=&#8221;off&#8221; parallax=&#8221;off&#8221; parallax_method=&#8221;off&#8221; make_equal=&#8221;off&#8221; parallax_1=&#8221;off&#8221; parallax_method_1=&#8221;off&#8221; column_padding_mobile=&#8221;on&#8221; background_position=&#8221;top_left&#8221; background_repeat=&#8221;repeat&#8221; background_size=&#8221;initial&#8221;][et_pb_column type=&#8221;4_4&#8243;][et_pb_text admin_label=&#8221;TITRE CONTR\u00d4LE NON DESTRUCTIF PAR ULTRASONS&#8221; background_layout=&#8221;light&#8221; text_orientation=&#8221;center&#8221; use_border_color=&#8221;off&#8221; border_color=&#8221;#ffffff&#8221; border_style=&#8221;solid&#8221; text_font_size=&#8221;27&#8243; text_text_color=&#8221;#e58c24&#8243; custom_padding=&#8221;|100px|60px|100px&#8221; background_position=&#8221;top_left&#8221; background_repeat=&#8221;repeat&#8221; background_size=&#8221;initial&#8221; module_alignment=&#8221;center&#8221;]<\/p>\n<p style=\"text-align: center;\"><strong>CONTR\u00d4LE NON DESTRUCTIF PAR ULTRASONS<\/strong><\/p>\n<p>[\/et_pb_text][et_pb_text admin_label=&#8221;CONTR\u00d4LE NON DESTRUCTIF PAR ULTRASONS&#8221; background_layout=&#8221;light&#8221; text_orientation=&#8221;center&#8221; use_border_color=&#8221;off&#8221; border_color=&#8221;#ffffff&#8221; border_style=&#8221;solid&#8221; text_font_size=&#8221;17&#8243; text_text_color=&#8221;#000000&#8243; custom_padding=&#8221;|100px||100px&#8221; text_line_height=&#8221;1.8em&#8221; background_position=&#8221;top_left&#8221; background_repeat=&#8221;repeat&#8221; background_size=&#8221;initial&#8221; module_alignment=&#8221;center&#8221;]<\/p>\n<p id=\"yui_3_16_0_ym19_1_1501580555760_43057\" class=\"yiv7569698744MsoNormal\" style=\"text-align: center;\"><span id=\"yui_3_16_0_ym19_1_1501580555760_43058\">Le contr\u00f4le non destructif par ultrasons consiste \u00e0 <strong>envoyer une onde ultrasonore<\/strong> \u00e0 l\u2019aide d\u2019un traducteur et un couplant dans un mat\u00e9riau de diverses mati\u00e8res\u00a0<\/span>et \u00e0 <strong>recueillir la pr\u00e9sence ou l\u2019absence de signaux de r\u00e9flexions<\/strong> sur des discontinuit\u00e9s internes de la mati\u00e8re (fissures, porosit\u00e9s, inclusions, etc\u2026).<\/p>\n<p id=\"yui_3_16_0_ym19_1_1501580555760_43083\" class=\"yiv7569698744MsoNormal\" style=\"text-align: center;\">Il s\u2019agit d\u2019un <strong>contr\u00f4le volumique capable de localiser et de dimensionner des d\u00e9fauts internes<\/strong>.<\/p>\n<p>[\/et_pb_text][\/et_pb_column][\/et_pb_row][\/et_pb_section][et_pb_section bb_built=&#8221;1&#8243; admin_label=&#8221;section&#8221; transparent_background=&#8221;off&#8221; background_color=&#8221;#ffffff&#8221; allow_player_pause=&#8221;off&#8221; inner_shadow=&#8221;off&#8221; parallax=&#8221;off&#8221; parallax_method=&#8221;off&#8221; padding_mobile=&#8221;off&#8221; make_fullwidth=&#8221;off&#8221; use_custom_width=&#8221;off&#8221; width_unit=&#8221;on&#8221; make_equal=&#8221;off&#8221; use_custom_gutter=&#8221;off&#8221; custom_padding_tablet=&#8221;50px|0|50px|0&#8243; custom_padding_last_edited=&#8221;on|desktop&#8221; prev_background_color=&#8221;#000000&#8243; next_background_color=&#8221;#000000&#8243;][et_pb_row admin_label=&#8221;row&#8221; make_fullwidth=&#8221;on&#8221; use_custom_width=&#8221;off&#8221; width_unit=&#8221;on&#8221; use_custom_gutter=&#8221;off&#8221; custom_padding=&#8221;70px||70px|&#8221; padding_mobile=&#8221;off&#8221; allow_player_pause=&#8221;off&#8221; parallax=&#8221;off&#8221; parallax_method=&#8221;off&#8221; make_equal=&#8221;off&#8221; parallax_1=&#8221;off&#8221; parallax_method_1=&#8221;off&#8221; column_padding_mobile=&#8221;on&#8221; background_color=&#8221;#494949&#8243; background_position=&#8221;top_left&#8221; background_repeat=&#8221;repeat&#8221; background_size=&#8221;initial&#8221;][et_pb_column type=&#8221;4_4&#8243;][et_pb_text admin_label=&#8221;Lien utile&#8221; background_layout=&#8221;light&#8221; text_orientation=&#8221;center&#8221; use_border_color=&#8221;off&#8221; border_color=&#8221;#ffffff&#8221; border_style=&#8221;solid&#8221; text_font_size=&#8221;17&#8243; text_text_color=&#8221;#e58c24&#8243; custom_padding=&#8221;|100px||100px&#8221; background_position=&#8221;top_left&#8221; background_repeat=&#8221;repeat&#8221; background_size=&#8221;initial&#8221; module_alignment=&#8221;center&#8221;]<\/p>\n<h5 style=\"text-align: center;\">Liens utiles\u00a0<img loading=\"lazy\" class=\"alignnone size-full wp-image-713\" src=\"http:\/\/aehz.fr\/wp-content\/uploads\/2017\/05\/Ronds_logo.png\" alt=\"Ronds_logo\" width=\"54\" height=\"87\" \/><\/h5>\n<p style=\"text-align: center;\"><strong><a href=\"http:\/\/www.cofrend.com\/controles-non-destructifs\/methodes-de-controle\/ultrasons-ut\/\">http:\/\/www.sofranel.com\/fr\/ultrasons<br \/>\nhttp:\/\/www.cofrend.com\/controles-non-destructifs\/methodes-de-controle\/ultrasons-ut\/<br \/>\n<\/a><\/strong><\/p>\n<p>[\/et_pb_text][\/et_pb_column][\/et_pb_row][\/et_pb_section][et_pb_section bb_built=&#8221;1&#8243; specialty=&#8221;off&#8221; _builder_version=&#8221;3.21&#8243; background_color=&#8221;#ffffff&#8221; custom_margin=&#8221;25px|0px|25px|0px&#8221; prev_background_color=&#8221;#000000&#8243;][et_pb_row _builder_version=&#8221;3.21&#8243;][et_pb_column type=&#8221;4_4&#8243;][et_pb_text _builder_version=&#8221;3.21&#8243; text_font_size=&#8221;17&#8243;]<\/p>\n<p><img loading=\"lazy\" class=\" wp-image-674 aligncenter\" src=\"http:\/\/aehz.fr\/wp-content\/uploads\/2017\/05\/Logo.jpg\" alt=\"\" width=\"100\" height=\"91\" \/><\/p>\n<p style=\"text-align: center;\">Copyright \u00a9 2018 I <strong><a href=\"http:\/\/aehz.fr\/index.php\/mentions-legales\/\">Mentions l\u00e9gales<\/a><\/strong><\/p>\n<p>[\/et_pb_text][\/et_pb_column][\/et_pb_row][\/et_pb_section]<\/p>\n","protected":false},"excerpt":{"rendered":"<p>[et_pb_section bb_built=&#8221;1&#8243; admin_label=&#8221;section&#8221; transparent_background=&#8221;off&#8221; background_color=&#8221;#ffffff&#8221; allow_player_pause=&#8221;off&#8221; inner_shadow=&#8221;off&#8221; parallax=&#8221;off&#8221; parallax_method=&#8221;off&#8221; padding_mobile=&#8221;off&#8221; make_fullwidth=&#8221;off&#8221; use_custom_width=&#8221;off&#8221; width_unit=&#8221;on&#8221; make_equal=&#8221;off&#8221; use_custom_gutter=&#8221;off&#8221; custom_padding_tablet=&#8221;50px|0|50px|0&#8243; custom_padding_last_edited=&#8221;on|desktop&#8221; next_background_color=&#8221;#000000&#8243;][et_pb_row admin_label=&#8221;row&#8221; make_fullwidth=&#8221;on&#8221; use_custom_width=&#8221;off&#8221; width_unit=&#8221;on&#8221; use_custom_gutter=&#8221;off&#8221; custom_padding=&#8221;70px||70px|&#8221; padding_mobile=&#8221;off&#8221; allow_player_pause=&#8221;off&#8221; parallax=&#8221;off&#8221; parallax_method=&#8221;off&#8221; make_equal=&#8221;off&#8221; parallax_1=&#8221;off&#8221; parallax_method_1=&#8221;off&#8221; column_padding_mobile=&#8221;on&#8221; background_position=&#8221;top_left&#8221; background_repeat=&#8221;repeat&#8221; background_size=&#8221;initial&#8221;][et_pb_column type=&#8221;4_4&#8243;][et_pb_text admin_label=&#8221;TITRE CONTR\u00d4LE NON DESTRUCTIF PAR ULTRASONS&#8221; background_layout=&#8221;light&#8221; text_orientation=&#8221;center&#8221; use_border_color=&#8221;off&#8221; border_color=&#8221;#ffffff&#8221; border_style=&#8221;solid&#8221; text_font_size=&#8221;27&#8243; text_text_color=&#8221;#e58c24&#8243; custom_padding=&#8221;|100px|60px|100px&#8221; background_position=&#8221;top_left&#8221; background_repeat=&#8221;repeat&#8221; background_size=&#8221;initial&#8221; module_alignment=&#8221;center&#8221;] CONTR\u00d4LE [&hellip;]<\/p>\n","protected":false},"author":2,"featured_media":0,"parent":0,"menu_order":0,"comment_status":"closed","ping_status":"closed","template":"","meta":{"_et_pb_use_builder":"on","_et_pb_old_content":""},"_links":{"self":[{"href":"https:\/\/aehz.fr\/index.php\/wp-json\/wp\/v2\/pages\/798"}],"collection":[{"href":"https:\/\/aehz.fr\/index.php\/wp-json\/wp\/v2\/pages"}],"about":[{"href":"https:\/\/aehz.fr\/index.php\/wp-json\/wp\/v2\/types\/page"}],"author":[{"embeddable":true,"href":"https:\/\/aehz.fr\/index.php\/wp-json\/wp\/v2\/users\/2"}],"replies":[{"embeddable":true,"href":"https:\/\/aehz.fr\/index.php\/wp-json\/wp\/v2\/comments?post=798"}],"version-history":[{"count":3,"href":"https:\/\/aehz.fr\/index.php\/wp-json\/wp\/v2\/pages\/798\/revisions"}],"predecessor-version":[{"id":983,"href":"https:\/\/aehz.fr\/index.php\/wp-json\/wp\/v2\/pages\/798\/revisions\/983"}],"wp:attachment":[{"href":"https:\/\/aehz.fr\/index.php\/wp-json\/wp\/v2\/media?parent=798"}],"curies":[{"name":"wp","href":"https:\/\/api.w.org\/{rel}","templated":true}]}}