{"id":970,"date":"2019-12-07T17:23:08","date_gmt":"2019-12-07T16:23:08","guid":{"rendered":"http:\/\/aehz.fr\/?page_id=970"},"modified":"2021-05-11T15:28:26","modified_gmt":"2021-05-11T13:28:26","slug":"mentions-legales","status":"publish","type":"page","link":"https:\/\/aehz.fr\/index.php\/mentions-legales\/","title":{"rendered":"Mentions l\u00e9gales"},"content":{"rendered":"<p>[et_pb_section bb_built=&#8221;1&#8243; _builder_version=&#8221;3.21&#8243; custom_margin=&#8221;50px||50px|&#8221;][et_pb_row _builder_version=&#8221;3.21&#8243;][et_pb_column type=&#8221;4_4&#8243;][et_pb_text _builder_version=&#8221;3.21&#8243; text_font_size=&#8221;17&#8243;]<\/p>\n<div class=\"col-md-12 col-sm-12 center-col \">\n<div class=\"yiv2293157127ydp675f525dtextwidget\">\n<p><strong>Pr\u00e9sident<br \/><\/strong>Mr Eric GUILLOU<\/p>\n<p><b>Nom<br \/><\/b>AEHZ<\/p>\n<p><strong>Statut juridique<br \/><\/strong>Soci\u00e9t\u00e9 \u00e0 Responsabilit\u00e9 Limit\u00e9e \u00e0 Associ\u00e9 Unique<\/p>\n<p><strong>Si\u00e8ge social<\/strong><\/p>\n<\/div>\n<p>12 rue du grand clos, 35160 Monterfil, <span class=\"country-name\">France<\/span><\/p>\n<p><strong>N\u00b0 Immatriculation<\/strong><br \/>800 120 321 RCS Rennes<\/p>\n<p><strong>Capital social<\/strong><br \/>2 000,00 Euros<\/p>\n<p><strong>Contact<\/strong><br \/>T\u00e9l. <span class=\"tel\">+ 33 (0)6 50 99 31 71<\/span><br \/>Site Internet : www.aehz.fr<\/p>\n<p><strong>H\u00e9bergement chez OVH<\/strong><br \/>Si\u00e8ge social : 2 rue Kellermann &#8211; 59100 Roubaix &#8211; France.<\/p>\n<p><strong>Cr\u00e9ation du site<\/strong><br \/>Soci\u00e9t\u00e9 Ms Kom&#8217;, repr\u00e9sent\u00e9e par Muriel Schmoor.<br \/>Siret 80198436000033<br \/><a href=\"http:\/\/www.mskom.fr\">www.mskom.fr<\/a> \/ mskom37@yahoo.fr<\/p>\n<p>\u00a0<\/p>\n<p><strong>Cookies<\/strong><\/p>\n<p><span style=\"font-weight: 400;\">Ce site utilise des cookies afin d\u2019am\u00e9liorer votre exp\u00e9rience et optimiser nos sites et services.<\/span><\/p>\n<p><span style=\"font-weight: 400;\">Un cookie est un petit fichier de texte transf\u00e9r\u00e9 \u00e0 partir d\u2019un serveur web vers votre navigateur web ou votre disque dur lorsque vous visitez un site web. Si votre navigateur web est configur\u00e9 pour accepter les cookies, ils seront stock\u00e9s dans le navigateur web ou le disque dur jusqu\u2019\u00e0 ce que la date d\u2019expiration soit d\u00e9pass\u00e9e ou jusqu\u2019\u00e0 ce que vous supprimez les cookies vous-m\u00eame.<\/span><\/p>\n<p><i>Ce site est en enregistrement aupr\u00e8s de la Commission Nationale Informatique et Libert\u00e9. Vous avez un droit d\u2019acc\u00e8s, de rectification et de suppression des donn\u00e9es personnelles qui vous concernent. Pour prendre connaissance de ces donn\u00e9es ou pour exercer vos droits, veuillez nous contacter par t\u00e9l\u00e9phone ou par courrier \u00e0 l\u2019adresse suivante : Aehz, 58 rue du Clos des Vignes 35690 Acign\u00e9, <span class=\"country-name\">France<\/span>. Il est interdit de reproduire, repr\u00e9senter, transf\u00e9rer, distribuer, ou d\u2019enregistrer tout ou partie du site, sous quelque forme que ce soit, sans l\u2019accord \u00e9crit de l\u2019accord de la soci\u00e9t\u00e9 Aehz. Nous vous rappelons que le contenu de ce site Web peut-\u00eatre \u00eatre modifi\u00e9 ou mis \u00e0 jour sans pr\u00e9avis et n\u2019est pas un engagement contractuel.\u00a0<\/i><\/p>\n<p><em>Conform\u00e9ment au R\u00e8glement g\u00e9n\u00e9ral sur la protection des donn\u00e9es n\u00b0 2016\/679, Aehz vous informe que ces donn\u00e9es seront sauvegard\u00e9es, et qu\u2019\u00e0 tout moment, vous pouvez demander \u00e0 ce que ces donn\u00e9es personnelles soient modifi\u00e9es ou supprim\u00e9es. Pour ce faire, il vous suffit d\u2019envoyer un mail \u00e0 l\u2019adresse suivante : <a href=\"mailto:eguillou@aehz.fr\">eguillou@aehz.fr<\/a><\/em><\/p>\n<p>\u00a0<\/p>\n<div class=\"yiv2293157127ydpbafdcb42textwidget\">\n<p><strong>Propri\u00e9t\u00e9 intellectuelle<\/strong><\/p>\n<p>Les \u00e9l\u00e9ments appartenant \u00e0 Aehz tels que les photos, les textes et les logos, sans que cette liste ne soit exhaustive, sont sa propri\u00e9t\u00e9 exclusive.<br \/>Les pr\u00e9sentes conditions g\u00e9n\u00e9rales n\u2019emportent aucune cession d\u2019aucune sorte de droits de propri\u00e9t\u00e9 intellectuelle sur les \u00e9l\u00e9ments appartenant \u00e0 Aehz au b\u00e9n\u00e9fice de l\u2019utilisateur.<br \/>Toute repr\u00e9sentation totale ou partielle du site par toute personne physique ou morale que ce soit, sans l&#8217;autorisation expresse de l&#8217;\u00e9diteur du site, est interdite et constituerait une contrefa\u00e7on sanctionn\u00e9e par les articles L.335-2 et suivants du Code de la propri\u00e9t\u00e9 intellectuelle.<\/p>\n<\/div>\n<\/div>\n<p>[\/et_pb_text][\/et_pb_column][\/et_pb_row][\/et_pb_section]<\/p>\n","protected":false},"excerpt":{"rendered":"<p>[et_pb_section bb_built=&#8221;1&#8243; _builder_version=&#8221;3.21&#8243; custom_margin=&#8221;50px||50px|&#8221;][et_pb_row _builder_version=&#8221;3.21&#8243;][et_pb_column type=&#8221;4_4&#8243;][et_pb_text _builder_version=&#8221;3.21&#8243; text_font_size=&#8221;17&#8243;] Pr\u00e9sidentMr Eric GUILLOU NomAEHZ Statut juridiqueSoci\u00e9t\u00e9 \u00e0 Responsabilit\u00e9 Limit\u00e9e \u00e0 Associ\u00e9 Unique Si\u00e8ge social 12 rue du grand clos, 35160 Monterfil, France N\u00b0 Immatriculation800 120 321 RCS Rennes Capital social2 000,00 Euros ContactT\u00e9l. + 33 (0)6 50 99 31 71Site Internet : www.aehz.fr H\u00e9bergement chez OVHSi\u00e8ge social [&hellip;]<\/p>\n","protected":false},"author":3,"featured_media":0,"parent":0,"menu_order":0,"comment_status":"closed","ping_status":"closed","template":"","meta":{"_et_pb_use_builder":"on","_et_pb_old_content":""},"_links":{"self":[{"href":"https:\/\/aehz.fr\/index.php\/wp-json\/wp\/v2\/pages\/970"}],"collection":[{"href":"https:\/\/aehz.fr\/index.php\/wp-json\/wp\/v2\/pages"}],"about":[{"href":"https:\/\/aehz.fr\/index.php\/wp-json\/wp\/v2\/types\/page"}],"author":[{"embeddable":true,"href":"https:\/\/aehz.fr\/index.php\/wp-json\/wp\/v2\/users\/3"}],"replies":[{"embeddable":true,"href":"https:\/\/aehz.fr\/index.php\/wp-json\/wp\/v2\/comments?post=970"}],"version-history":[{"count":7,"href":"https:\/\/aehz.fr\/index.php\/wp-json\/wp\/v2\/pages\/970\/revisions"}],"predecessor-version":[{"id":1006,"href":"https:\/\/aehz.fr\/index.php\/wp-json\/wp\/v2\/pages\/970\/revisions\/1006"}],"wp:attachment":[{"href":"https:\/\/aehz.fr\/index.php\/wp-json\/wp\/v2\/media?parent=970"}],"curies":[{"name":"wp","href":"https:\/\/api.w.org\/{rel}","templated":true}]}}